{"id":11964,"date":"2025-08-01T15:58:17","date_gmt":"2025-08-01T15:58:17","guid":{"rendered":"http:\/\/app-siadous.furm9toj5x-gok67wzr9452.p.temp-site.link\/?page_id=11964"},"modified":"2025-08-11T15:41:09","modified_gmt":"2025-08-11T15:41:09","slug":"proyectos","status":"publish","type":"page","link":"https:\/\/www.siadous.mx\/?page_id=11964","title":{"rendered":"PROEYCTOS SIADOUS"},"content":{"rendered":"\t\t<div data-elementor-type=\"wp-page\" data-elementor-id=\"11964\" class=\"elementor elementor-11964\">\n\t\t\t\t\t\t<section class=\"elementor-section elementor-top-section elementor-element elementor-element-b564551 elementor-section-full_width animated-slow elementor-section-height-default elementor-section-height-default elementor-invisible\" data-id=\"b564551\" data-element_type=\"section\" data-e-type=\"section\" data-settings=\"{&quot;background_background&quot;:&quot;classic&quot;,&quot;animation&quot;:&quot;fadeInDown&quot;}\">\n\t\t\t\t\t\t\t<div class=\"elementor-background-overlay\"><\/div>\n\t\t\t\t\t\t\t<div class=\"elementor-container elementor-column-gap-default\">\n\t\t\t\t\t<div class=\"elementor-column elementor-col-100 elementor-top-column elementor-element elementor-element-547d3e17\" data-id=\"547d3e17\" data-element_type=\"column\" data-e-type=\"column\">\n\t\t\t<div class=\"elementor-widget-wrap elementor-element-populated\">\n\t\t\t\t\t\t<div class=\"elementor-element elementor-element-1b84906d elementor-invisible elementor-widget elementor-widget-qi_addons_for_elementor_text_marquee\" data-id=\"1b84906d\" data-element_type=\"widget\" data-e-type=\"widget\" data-settings=\"{&quot;_animation&quot;:&quot;fadeInRight&quot;}\" data-widget_type=\"qi_addons_for_elementor_text_marquee.default\">\n\t\t\t\t<div class=\"elementor-widget-container\">\n\t\t\t\t\t<div class=\"qodef-shortcode qodef-m qodef-qi-text-marquee qodef-layout--default qodef-text-stroke-effect\">\n\t<div class=\"qodef-m-content\">\n\t\t<div class=\"qodef-m-text qodef-text--original\">\n\t\t\t\t\t\t\t<span class=\"qodef-m-text-item elementor-repeater-item-b3fcd12\" >PROYECTOS<\/span>\n\t\t\t\t<span class=\"qodef-e-icon-holder\">\n\t<svg xmlns=\"http:\/\/www.w3.org\/2000\/svg\" id=\"Capa_1\" data-name=\"Capa 1\" viewBox=\"0 0 611.8 711.07\"><defs><style>      .cls-1 {        fill: #ff9800;      }      .cls-2 {        fill: #fff;      }    <\/style><\/defs><polygon class=\"cls-2\" points=\"479.08 473.14 452.39 473.14 303.36 216.69 158.78 473.14 132.84 473.14 0 711.07 117.5 711.07 305.31 373.46 493.66 711.07 611.8 709.07 479.08 473.14\"><\/polygon><polygon class=\"cls-1\" points=\"307.22 0 43.8 435.07 132.84 435.07 158.78 435.07 303.36 178.62 452.39 435.07 479.08 435.07 565 435.07 307.22 0\"><\/polygon><\/svg><\/span>\n\t\t\t\t\t\t\t<span class=\"qodef-m-text-item elementor-repeater-item-ce60aee\" >PROYECTOS<\/span>\n\t\t\t\t<span class=\"qodef-e-icon-holder\">\n\t<svg xmlns=\"http:\/\/www.w3.org\/2000\/svg\" id=\"Capa_1\" data-name=\"Capa 1\" viewBox=\"0 0 611.8 711.07\"><defs><style>      .cls-1 {        fill: #ff9800;      }      .cls-2 {        fill: #fff;      }    <\/style><\/defs><polygon class=\"cls-2\" points=\"479.08 473.14 452.39 473.14 303.36 216.69 158.78 473.14 132.84 473.14 0 711.07 117.5 711.07 305.31 373.46 493.66 711.07 611.8 709.07 479.08 473.14\"><\/polygon><polygon class=\"cls-1\" points=\"307.22 0 43.8 435.07 132.84 435.07 158.78 435.07 303.36 178.62 452.39 435.07 479.08 435.07 565 435.07 307.22 0\"><\/polygon><\/svg><\/span>\n\t\t\t\t\t<\/div>\n\t\t<div class=\"qodef-m-text qodef-text--copy\">\n\t\t\t\t\t\t\t<span class=\"qodef-m-text-item elementor-repeater-item-b3fcd12\" >PROYECTOS<\/span>\n\t\t\t\t<span class=\"qodef-e-icon-holder\">\n\t<svg xmlns=\"http:\/\/www.w3.org\/2000\/svg\" id=\"Capa_1\" data-name=\"Capa 1\" viewBox=\"0 0 611.8 711.07\"><defs><style>      .cls-1 {        fill: #ff9800;      }      .cls-2 {        fill: #fff;      }    <\/style><\/defs><polygon class=\"cls-2\" points=\"479.08 473.14 452.39 473.14 303.36 216.69 158.78 473.14 132.84 473.14 0 711.07 117.5 711.07 305.31 373.46 493.66 711.07 611.8 709.07 479.08 473.14\"><\/polygon><polygon class=\"cls-1\" points=\"307.22 0 43.8 435.07 132.84 435.07 158.78 435.07 303.36 178.62 452.39 435.07 479.08 435.07 565 435.07 307.22 0\"><\/polygon><\/svg><\/span>\n\t\t\t\t\t\t\t<span class=\"qodef-m-text-item elementor-repeater-item-ce60aee\" >PROYECTOS<\/span>\n\t\t\t\t<span class=\"qodef-e-icon-holder\">\n\t<svg xmlns=\"http:\/\/www.w3.org\/2000\/svg\" id=\"Capa_1\" data-name=\"Capa 1\" viewBox=\"0 0 611.8 711.07\"><defs><style>      .cls-1 {        fill: #ff9800;      }      .cls-2 {        fill: #fff;      }    <\/style><\/defs><polygon class=\"cls-2\" points=\"479.08 473.14 452.39 473.14 303.36 216.69 158.78 473.14 132.84 473.14 0 711.07 117.5 711.07 305.31 373.46 493.66 711.07 611.8 709.07 479.08 473.14\"><\/polygon><polygon class=\"cls-1\" points=\"307.22 0 43.8 435.07 132.84 435.07 158.78 435.07 303.36 178.62 452.39 435.07 479.08 435.07 565 435.07 307.22 0\"><\/polygon><\/svg><\/span>\n\t\t\t\t\t<\/div>\n\t<\/div>\n<\/div>\n\t\t\t\t<\/div>\n\t\t\t\t<\/div>\n\t\t\t\t\t<\/div>\n\t\t<\/div>\n\t\t\t\t\t<\/div>\n\t\t<\/section>\n\t\t<div class=\"elementor-element elementor-element-4243fc6 e-flex e-con-boxed e-con e-parent\" data-id=\"4243fc6\" data-element_type=\"container\" data-e-type=\"container\">\n\t\t\t\t\t<div class=\"e-con-inner\">\n\t\t\t\t<div class=\"elementor-element elementor-element-39730dc elementor-widget elementor-widget-heading\" data-id=\"39730dc\" data-element_type=\"widget\" data-e-type=\"widget\" data-widget_type=\"heading.default\">\n\t\t\t\t<div class=\"elementor-widget-container\">\n\t\t\t\t\t<h2 class=\"elementor-heading-title elementor-size-default\">Soluciones Reales, Resultados Tangibles<\/h2>\t\t\t\t<\/div>\n\t\t\t\t<\/div>\n\t\t\t\t<div class=\"elementor-element elementor-element-883467a elementor-widget elementor-widget-text-editor\" data-id=\"883467a\" data-element_type=\"widget\" data-e-type=\"widget\" data-widget_type=\"text-editor.default\">\n\t\t\t\t<div class=\"elementor-widget-container\">\n\t\t\t\t\t\t\t\t\t<p><strong>En Siadous<\/strong>, cada proyecto es una oportunidad para demostrar nuestro <strong>compromiso con la calidad y el servicio.<\/strong> M\u00e1s all\u00e1 de la instalaci\u00f3n o modernizaci\u00f3n de un sistema de elevaci\u00f3n, nos enfocamos en <strong data-start=\"393\" data-end=\"437\">entender las necesidades de cada cliente<\/strong> para ofrecer soluciones a la medida.<br data-start=\"474\" data-end=\"477\" \/>Nuestra atenci\u00f3n personalizada y el seguimiento constante garantizan que cada obra se entregue con los m\u00e1s altos est\u00e1ndares, asegurando seguridad, eficiencia y satisfacci\u00f3n en cada etapa.<\/p>\t\t\t\t\t\t\t\t<\/div>\n\t\t\t\t<\/div>\n\t\t\t\t<div class=\"elementor-element elementor-element-57b0962 elementor-pagination-position-outside elementor-widget elementor-widget-image-carousel\" data-id=\"57b0962\" data-element_type=\"widget\" data-e-type=\"widget\" data-settings=\"{&quot;slides_to_show&quot;:&quot;1&quot;,&quot;navigation&quot;:&quot;dots&quot;,&quot;autoplay&quot;:&quot;yes&quot;,&quot;pause_on_hover&quot;:&quot;yes&quot;,&quot;pause_on_interaction&quot;:&quot;yes&quot;,&quot;autoplay_speed&quot;:5000,&quot;infinite&quot;:&quot;yes&quot;,&quot;effect&quot;:&quot;slide&quot;,&quot;speed&quot;:500}\" data-widget_type=\"image-carousel.default\">\n\t\t\t\t<div class=\"elementor-widget-container\">\n\t\t\t\t\t\t\t<div class=\"elementor-image-carousel-wrapper swiper\" role=\"region\" aria-roledescription=\"carousel\" aria-label=\"Image Carousel\" dir=\"ltr\">\n\t\t\t<div class=\"elementor-image-carousel swiper-wrapper swiper-image-stretch\" aria-live=\"off\">\n\t\t\t\t\t\t\t\t<div class=\"swiper-slide\" role=\"group\" aria-roledescription=\"slide\" aria-label=\"1 of 2\"><figure class=\"swiper-slide-inner\"><img decoding=\"async\" class=\"swiper-slide-image\" src=\"https:\/\/www.siadous.mx\/wp-content\/uploads\/2025\/08\/Captura-de-pantalla-2025-08-07-a-las-22.08.39-scaled.png\" alt=\"Captura de pantalla 2025-08-07 a la(s) 22.08.39\" \/><\/figure><\/div><div class=\"swiper-slide\" role=\"group\" aria-roledescription=\"slide\" aria-label=\"2 of 2\"><figure class=\"swiper-slide-inner\"><img decoding=\"async\" class=\"swiper-slide-image\" src=\"https:\/\/www.siadous.mx\/wp-content\/uploads\/2025\/08\/Captura-de-pantalla-2025-08-07-a-las-22.08.48-scaled.png\" alt=\"Captura de pantalla 2025-08-07 a la(s) 22.08.48\" \/><\/figure><\/div>\t\t\t<\/div>\n\t\t\t\t\t\t\t\n\t\t\t\t\t\t\t\t\t<div class=\"swiper-pagination\"><\/div>\n\t\t\t\t\t\t\t\t\t<\/div>\n\t\t\t\t\t\t<\/div>\n\t\t\t\t<\/div>\n\t\t\t\t\t<\/div>\n\t\t\t\t<\/div>\n\t\t\t\t<section class=\"elementor-section elementor-top-section elementor-element elementor-element-2d543879 elementor-section-height-min-height elementor-section-stretched elementor-section-boxed elementor-section-height-default elementor-section-items-middle\" data-id=\"2d543879\" data-element_type=\"section\" data-e-type=\"section\" data-settings=\"{&quot;stretch_section&quot;:&quot;section-stretched&quot;,&quot;background_background&quot;:&quot;classic&quot;}\">\n\t\t\t\t\t\t\t<div class=\"elementor-background-overlay\"><\/div>\n\t\t\t\t\t\t\t<div class=\"elementor-container elementor-column-gap-default\">\n\t\t\t\t\t<div class=\"elementor-column elementor-col-100 elementor-top-column elementor-element elementor-element-11745053\" data-id=\"11745053\" data-element_type=\"column\" data-e-type=\"column\">\n\t\t\t<div class=\"elementor-widget-wrap elementor-element-populated\">\n\t\t\t\t\t\t<div class=\"elementor-element elementor-element-7fd1a3de animated-slow elementor-invisible elementor-widget elementor-widget-qi_addons_for_elementor_typeout_text\" data-id=\"7fd1a3de\" data-element_type=\"widget\" data-e-type=\"widget\" data-settings=\"{&quot;_animation&quot;:&quot;fadeInUp&quot;}\" data-widget_type=\"qi_addons_for_elementor_typeout_text.default\">\n\t\t\t\t<div class=\"elementor-widget-container\">\n\t\t\t\t\t<div class=\"qodef-shortcode qodef-m qodef-qi-typeout-text\" data-strings=\"[&quot;&quot;]\">\n\t<h1 class=\"qodef-m-text\">\n\t\t\t\t\tCOTIZA TU EQUIPO\t\t\t\t<span class=\"qodef-typeout-holder\">\n\t\t\t<span class=\"qodef-typeout\"><\/span>\n\t\t<\/span>\n\t<\/h1>\n<\/div>\n\t\t\t\t<\/div>\n\t\t\t\t<\/div>\n\t\t\t\t<div class=\"elementor-element elementor-element-7d933c1a animated-slow elementor-invisible elementor-widget elementor-widget-qi_addons_for_elementor_typeout_text\" data-id=\"7d933c1a\" data-element_type=\"widget\" data-e-type=\"widget\" data-settings=\"{&quot;_animation&quot;:&quot;fadeInUp&quot;}\" data-widget_type=\"qi_addons_for_elementor_typeout_text.default\">\n\t\t\t\t<div class=\"elementor-widget-container\">\n\t\t\t\t\t<div class=\"qodef-shortcode qodef-m qodef-qi-typeout-text\" data-strings=\"[&quot;ORONA&quot;,&quot;XIZI&quot;,&quot;TRESA&quot;,&quot;VIMEC&quot;,&quot;THYSSENKRUPP&quot;]\">\n\t<h2 class=\"qodef-m-text\">\n\t\t\t\t\tCONTAMOS CON LAS MEJORES MARCAS\t\t\t\t<span class=\"qodef-typeout-holder\">\n\t\t\t<span class=\"qodef-typeout\"><\/span>\n\t\t<\/span>\n\t<\/h2>\n<\/div>\n\t\t\t\t<\/div>\n\t\t\t\t<\/div>\n\t\t\t\t<div class=\"elementor-element elementor-element-56721153 elementor-widget__width-auto animated-slow elementor-invisible elementor-widget elementor-widget-qi_addons_for_elementor_button\" data-id=\"56721153\" data-element_type=\"widget\" data-e-type=\"widget\" data-settings=\"{&quot;_animation&quot;:&quot;fadeInUp&quot;,&quot;_animation_delay&quot;:&quot;200&quot;}\" data-widget_type=\"qi_addons_for_elementor_button.default\">\n\t\t\t\t<div class=\"elementor-widget-container\">\n\t\t\t\t\t<a class=\"qodef-shortcode qodef-m qodef-qi-button qodef-html--link qodef-layout--outlined qodef-type--icon-boxed qodef-icon--right qodef-hover--icon-move-horizontal-short qodef-text-underline qodef-underline--left\" href=\"http:\/\/app-siadous.furm9toj5x-gok67wzr9452.p.temp-site.link\/?page_id=998\" target=\"_self\">\n\t<span class=\"qodef-m-text\">Cotizar<\/span>\n\t\t<span class=\"qodef-m-icon\">\n\t\t<span class=\"qodef-m-icon-inner\">\n\t\t\t<svg xmlns=\"http:\/\/www.w3.org\/2000\/svg\" id=\"Capa_1\" data-name=\"Capa 1\" viewBox=\"0 0 611.8 711.07\"><defs><style>      .cls-1 {        fill: #ff9800;      }      .cls-2 {        fill: #fff;      }    <\/style><\/defs><polygon class=\"cls-2\" points=\"479.08 473.14 452.39 473.14 303.36 216.69 158.78 473.14 132.84 473.14 0 711.07 117.5 711.07 305.31 373.46 493.66 711.07 611.8 709.07 479.08 473.14\"><\/polygon><polygon class=\"cls-1\" points=\"307.22 0 43.8 435.07 132.84 435.07 158.78 435.07 303.36 178.62 452.39 435.07 479.08 435.07 565 435.07 307.22 0\"><\/polygon><\/svg>\t\t\t\t\t<\/span>\n\t<\/span>\n<\/a>\n\t\t\t\t<\/div>\n\t\t\t\t<\/div>\n\t\t\t\t\t<\/div>\n\t\t<\/div>\n\t\t\t\t\t<\/div>\n\t\t<\/section>\n\t\t\t\t<section class=\"elementor-section elementor-top-section elementor-element elementor-element-25a27076 elementor-section-stretched elementor-section-height-min-height elementor-section-items-top elementor-section-boxed elementor-section-height-default\" data-id=\"25a27076\" data-element_type=\"section\" data-e-type=\"section\" data-settings=\"{&quot;background_background&quot;:&quot;gradient&quot;,&quot;stretch_section&quot;:&quot;section-stretched&quot;}\">\n\t\t\t\t\t\t\t<div class=\"elementor-background-overlay\"><\/div>\n\t\t\t\t\t\t\t<div class=\"elementor-container elementor-column-gap-default\">\n\t\t\t\t\t<div class=\"elementor-column elementor-col-25 elementor-top-column elementor-element elementor-element-54046504\" data-id=\"54046504\" data-element_type=\"column\" data-e-type=\"column\" data-settings=\"{&quot;background_background&quot;:&quot;classic&quot;}\">\n\t\t\t<div class=\"elementor-widget-wrap elementor-element-populated\">\n\t\t\t\t\t\t<div class=\"elementor-element elementor-element-e6a3f80 elementor-align-start elementor-mobile-align-start elementor-icon-list--layout-traditional elementor-list-item-link-full_width elementor-widget elementor-widget-icon-list\" data-id=\"e6a3f80\" data-element_type=\"widget\" data-e-type=\"widget\" data-widget_type=\"icon-list.default\">\n\t\t\t\t<div class=\"elementor-widget-container\">\n\t\t\t\t\t\t\t<ul class=\"elementor-icon-list-items\">\n\t\t\t\t\t\t\t<li class=\"elementor-icon-list-item\">\n\t\t\t\t\t\t\t\t\t\t\t<a href=\"#\">\n\n\t\t\t\t\t\t\t\t\t\t\t\t<span class=\"elementor-icon-list-icon\">\n\t\t\t\t\t\t\t<svg aria-hidden=\"true\" class=\"e-font-icon-svg e-fas-phone-alt\" viewBox=\"0 0 512 512\" xmlns=\"http:\/\/www.w3.org\/2000\/svg\"><path d=\"M497.39 361.8l-112-48a24 24 0 0 0-28 6.9l-49.6 60.6A370.66 370.66 0 0 1 130.6 204.11l60.6-49.6a23.94 23.94 0 0 0 6.9-28l-48-112A24.16 24.16 0 0 0 122.6.61l-104 24A24 24 0 0 0 0 48c0 256.5 207.9 464 464 464a24 24 0 0 0 23.4-18.6l24-104a24.29 24.29 0 0 0-14.01-27.6z\"><\/path><\/svg>\t\t\t\t\t\t<\/span>\n\t\t\t\t\t\t\t\t\t\t<span class=\"elementor-icon-list-text\">800 8413677<\/span>\n\t\t\t\t\t\t\t\t\t\t\t<\/a>\n\t\t\t\t\t\t\t\t\t<\/li>\n\t\t\t\t\t\t<\/ul>\n\t\t\t\t\t\t<\/div>\n\t\t\t\t<\/div>\n\t\t\t\t<div class=\"elementor-element elementor-element-72f24aa2 elementor-widget elementor-widget-image\" data-id=\"72f24aa2\" data-element_type=\"widget\" data-e-type=\"widget\" data-widget_type=\"image.default\">\n\t\t\t\t<div class=\"elementor-widget-container\">\n\t\t\t\t\t\t\t\t\t\t\t\t\t\t\t<img fetchpriority=\"high\" decoding=\"async\" width=\"710\" height=\"178\" src=\"https:\/\/www.siadous.mx\/wp-content\/uploads\/2025\/07\/siadous-logo-blanco-png-1024x257.png\" class=\"attachment-large size-large wp-image-11766\" alt=\"\" srcset=\"https:\/\/www.siadous.mx\/wp-content\/uploads\/2025\/07\/siadous-logo-blanco-png-1024x257.png 1024w, https:\/\/www.siadous.mx\/wp-content\/uploads\/2025\/07\/siadous-logo-blanco-png-300x75.png 300w, https:\/\/www.siadous.mx\/wp-content\/uploads\/2025\/07\/siadous-logo-blanco-png-768x192.png 768w, https:\/\/www.siadous.mx\/wp-content\/uploads\/2025\/07\/siadous-logo-blanco-png-1060x266.png 1060w, https:\/\/www.siadous.mx\/wp-content\/uploads\/2025\/07\/siadous-logo-blanco-png-1536x385.png 1536w, https:\/\/www.siadous.mx\/wp-content\/uploads\/2025\/07\/siadous-logo-blanco-png-2048x513.png 2048w, https:\/\/www.siadous.mx\/wp-content\/uploads\/2025\/07\/siadous-logo-blanco-png-550x138.png 550w, https:\/\/www.siadous.mx\/wp-content\/uploads\/2025\/07\/siadous-logo-blanco-png-1996x500.png 1996w, https:\/\/www.siadous.mx\/wp-content\/uploads\/2025\/07\/siadous-logo-blanco-png-1920x481.png 1920w\" sizes=\"(max-width: 710px) 100vw, 710px\" \/>\t\t\t\t\t\t\t\t\t\t\t\t\t\t\t<\/div>\n\t\t\t\t<\/div>\n\t\t\t\t\t<\/div>\n\t\t<\/div>\n\t\t\t\t<div class=\"elementor-column elementor-col-25 elementor-top-column elementor-element elementor-element-5d3b5753\" data-id=\"5d3b5753\" data-element_type=\"column\" data-e-type=\"column\" data-settings=\"{&quot;background_background&quot;:&quot;classic&quot;}\">\n\t\t\t<div class=\"elementor-widget-wrap elementor-element-populated\">\n\t\t\t\t\t\t<div class=\"elementor-element elementor-element-7bbe5c47 elementor-align-start elementor-mobile-align-start elementor-icon-list--layout-traditional elementor-list-item-link-full_width elementor-widget elementor-widget-icon-list\" data-id=\"7bbe5c47\" data-element_type=\"widget\" data-e-type=\"widget\" data-widget_type=\"icon-list.default\">\n\t\t\t\t<div class=\"elementor-widget-container\">\n\t\t\t\t\t\t\t<ul class=\"elementor-icon-list-items\">\n\t\t\t\t\t\t\t<li class=\"elementor-icon-list-item\">\n\t\t\t\t\t\t\t\t\t\t\t<a href=\"#\">\n\n\t\t\t\t\t\t\t\t\t\t\t\t<span class=\"elementor-icon-list-icon\">\n\t\t\t\t\t\t\t<svg xmlns=\"http:\/\/www.w3.org\/2000\/svg\" id=\"Capa_1\" data-name=\"Capa 1\" viewBox=\"0 0 611.8 711.07\"><defs><style>      .cls-1 {        fill: #ff9800;      }      .cls-2 {        fill: #fff;      }    <\/style><\/defs><polygon class=\"cls-2\" points=\"479.08 473.14 452.39 473.14 303.36 216.69 158.78 473.14 132.84 473.14 0 711.07 117.5 711.07 305.31 373.46 493.66 711.07 611.8 709.07 479.08 473.14\"><\/polygon><polygon class=\"cls-1\" points=\"307.22 0 43.8 435.07 132.84 435.07 158.78 435.07 303.36 178.62 452.39 435.07 479.08 435.07 565 435.07 307.22 0\"><\/polygon><\/svg>\t\t\t\t\t\t<\/span>\n\t\t\t\t\t\t\t\t\t\t<span class=\"elementor-icon-list-text\">CDMX<\/span>\n\t\t\t\t\t\t\t\t\t\t\t<\/a>\n\t\t\t\t\t\t\t\t\t<\/li>\n\t\t\t\t\t\t<\/ul>\n\t\t\t\t\t\t<\/div>\n\t\t\t\t<\/div>\n\t\t\t\t<div class=\"elementor-element elementor-element-6af439ff elementor-align-start elementor-mobile-align-start elementor-icon-list--layout-traditional elementor-list-item-link-full_width elementor-widget elementor-widget-icon-list\" data-id=\"6af439ff\" data-element_type=\"widget\" data-e-type=\"widget\" data-widget_type=\"icon-list.default\">\n\t\t\t\t<div class=\"elementor-widget-container\">\n\t\t\t\t\t\t\t<ul class=\"elementor-icon-list-items\">\n\t\t\t\t\t\t\t<li class=\"elementor-icon-list-item\">\n\t\t\t\t\t\t\t\t\t\t\t<a href=\"#\">\n\n\t\t\t\t\t\t\t\t\t\t\t<span class=\"elementor-icon-list-text\">Calle Matilde M\u00e1rquez No.67 Colonia Pe\u00f1\u00f3n de los Ba\u00f1os , Venustiano Carranza CP 15520<\/span>\n\t\t\t\t\t\t\t\t\t\t\t<\/a>\n\t\t\t\t\t\t\t\t\t<\/li>\n\t\t\t\t\t\t<\/ul>\n\t\t\t\t\t\t<\/div>\n\t\t\t\t<\/div>\n\t\t\t\t\t<\/div>\n\t\t<\/div>\n\t\t\t\t<div class=\"elementor-column elementor-col-25 elementor-top-column elementor-element elementor-element-3f1e36b4\" data-id=\"3f1e36b4\" data-element_type=\"column\" data-e-type=\"column\" data-settings=\"{&quot;background_background&quot;:&quot;classic&quot;}\">\n\t\t\t<div class=\"elementor-widget-wrap elementor-element-populated\">\n\t\t\t\t\t\t<div class=\"elementor-element elementor-element-276890c6 elementor-align-start elementor-mobile-align-start elementor-icon-list--layout-traditional elementor-list-item-link-full_width elementor-widget elementor-widget-icon-list\" data-id=\"276890c6\" data-element_type=\"widget\" data-e-type=\"widget\" data-widget_type=\"icon-list.default\">\n\t\t\t\t<div class=\"elementor-widget-container\">\n\t\t\t\t\t\t\t<ul class=\"elementor-icon-list-items\">\n\t\t\t\t\t\t\t<li class=\"elementor-icon-list-item\">\n\t\t\t\t\t\t\t\t\t\t\t<a href=\"#\">\n\n\t\t\t\t\t\t\t\t\t\t\t\t<span class=\"elementor-icon-list-icon\">\n\t\t\t\t\t\t\t<svg xmlns=\"http:\/\/www.w3.org\/2000\/svg\" id=\"Capa_1\" data-name=\"Capa 1\" viewBox=\"0 0 611.8 711.07\"><defs><style>      .cls-1 {        fill: #ff9800;      }      .cls-2 {        fill: #fff;      }    <\/style><\/defs><polygon class=\"cls-2\" points=\"479.08 473.14 452.39 473.14 303.36 216.69 158.78 473.14 132.84 473.14 0 711.07 117.5 711.07 305.31 373.46 493.66 711.07 611.8 709.07 479.08 473.14\"><\/polygon><polygon class=\"cls-1\" points=\"307.22 0 43.8 435.07 132.84 435.07 158.78 435.07 303.36 178.62 452.39 435.07 479.08 435.07 565 435.07 307.22 0\"><\/polygon><\/svg>\t\t\t\t\t\t<\/span>\n\t\t\t\t\t\t\t\t\t\t<span class=\"elementor-icon-list-text\">Veracruz<\/span>\n\t\t\t\t\t\t\t\t\t\t\t<\/a>\n\t\t\t\t\t\t\t\t\t<\/li>\n\t\t\t\t\t\t<\/ul>\n\t\t\t\t\t\t<\/div>\n\t\t\t\t<\/div>\n\t\t\t\t<div class=\"elementor-element elementor-element-5a52a8f1 elementor-align-start elementor-mobile-align-start elementor-icon-list--layout-traditional elementor-list-item-link-full_width elementor-widget elementor-widget-icon-list\" data-id=\"5a52a8f1\" data-element_type=\"widget\" data-e-type=\"widget\" data-widget_type=\"icon-list.default\">\n\t\t\t\t<div class=\"elementor-widget-container\">\n\t\t\t\t\t\t\t<ul class=\"elementor-icon-list-items\">\n\t\t\t\t\t\t\t<li class=\"elementor-icon-list-item\">\n\t\t\t\t\t\t\t\t\t\t\t<a href=\"#\">\n\n\t\t\t\t\t\t\t\t\t\t\t<span class=\"elementor-icon-list-text\">Calle Camino Real 4 y 5 , Col.Cuchilla, Boca del R\u00edo, Veracruz. C.P. 94298 <\/span>\n\t\t\t\t\t\t\t\t\t\t\t<\/a>\n\t\t\t\t\t\t\t\t\t<\/li>\n\t\t\t\t\t\t\t\t<li class=\"elementor-icon-list-item\">\n\t\t\t\t\t\t\t\t\t\t\t<a href=\"#\">\n\n\t\t\t\t\t\t\t\t\t\t\t<span class=\"elementor-icon-list-text\"><\/span>\n\t\t\t\t\t\t\t\t\t\t\t<\/a>\n\t\t\t\t\t\t\t\t\t<\/li>\n\t\t\t\t\t\t<\/ul>\n\t\t\t\t\t\t<\/div>\n\t\t\t\t<\/div>\n\t\t\t\t\t<\/div>\n\t\t<\/div>\n\t\t\t\t<div class=\"elementor-column elementor-col-25 elementor-top-column elementor-element elementor-element-cc896b1\" data-id=\"cc896b1\" data-element_type=\"column\" data-e-type=\"column\" data-settings=\"{&quot;background_background&quot;:&quot;classic&quot;}\">\n\t\t\t<div class=\"elementor-widget-wrap elementor-element-populated\">\n\t\t\t\t\t\t<div class=\"elementor-element elementor-element-2c02ae97 elementor-align-start elementor-mobile-align-start elementor-icon-list--layout-traditional elementor-list-item-link-full_width elementor-widget elementor-widget-icon-list\" data-id=\"2c02ae97\" data-element_type=\"widget\" data-e-type=\"widget\" data-widget_type=\"icon-list.default\">\n\t\t\t\t<div class=\"elementor-widget-container\">\n\t\t\t\t\t\t\t<ul class=\"elementor-icon-list-items\">\n\t\t\t\t\t\t\t<li class=\"elementor-icon-list-item\">\n\t\t\t\t\t\t\t\t\t\t\t<a href=\"#\">\n\n\t\t\t\t\t\t\t\t\t\t\t\t<span class=\"elementor-icon-list-icon\">\n\t\t\t\t\t\t\t<svg xmlns=\"http:\/\/www.w3.org\/2000\/svg\" id=\"Capa_1\" data-name=\"Capa 1\" viewBox=\"0 0 611.8 711.07\"><defs><style>      .cls-1 {        fill: #ff9800;      }      .cls-2 {        fill: #fff;      }    <\/style><\/defs><polygon class=\"cls-2\" points=\"479.08 473.14 452.39 473.14 303.36 216.69 158.78 473.14 132.84 473.14 0 711.07 117.5 711.07 305.31 373.46 493.66 711.07 611.8 709.07 479.08 473.14\"><\/polygon><polygon class=\"cls-1\" points=\"307.22 0 43.8 435.07 132.84 435.07 158.78 435.07 303.36 178.62 452.39 435.07 479.08 435.07 565 435.07 307.22 0\"><\/polygon><\/svg>\t\t\t\t\t\t<\/span>\n\t\t\t\t\t\t\t\t\t\t<span class=\"elementor-icon-list-text\">Monterrey<\/span>\n\t\t\t\t\t\t\t\t\t\t\t<\/a>\n\t\t\t\t\t\t\t\t\t<\/li>\n\t\t\t\t\t\t<\/ul>\n\t\t\t\t\t\t<\/div>\n\t\t\t\t<\/div>\n\t\t\t\t<div class=\"elementor-element elementor-element-645f4b30 elementor-align-start elementor-mobile-align-start elementor-icon-list--layout-traditional elementor-list-item-link-full_width elementor-widget elementor-widget-icon-list\" data-id=\"645f4b30\" data-element_type=\"widget\" data-e-type=\"widget\" data-widget_type=\"icon-list.default\">\n\t\t\t\t<div class=\"elementor-widget-container\">\n\t\t\t\t\t\t\t<ul class=\"elementor-icon-list-items\">\n\t\t\t\t\t\t\t<li class=\"elementor-icon-list-item\">\n\t\t\t\t\t\t\t\t\t\t\t<a href=\"#\">\n\n\t\t\t\t\t\t\t\t\t\t\t<span class=\"elementor-icon-list-text\">Crisp\u00edn Trevi\u00f1o 3730, Venustiano Carranza, 64530 Monterrey, N.L.<br><\/span>\n\t\t\t\t\t\t\t\t\t\t\t<\/a>\n\t\t\t\t\t\t\t\t\t<\/li>\n\t\t\t\t\t\t<\/ul>\n\t\t\t\t\t\t<\/div>\n\t\t\t\t<\/div>\n\t\t\t\t\t<\/div>\n\t\t<\/div>\n\t\t\t\t\t<\/div>\n\t\t<\/section>\n\t\t<div class=\"elementor-element elementor-element-276e096a e-grid e-con-boxed e-con e-parent\" data-id=\"276e096a\" data-element_type=\"container\" data-e-type=\"container\">\n\t\t\t\t\t<div class=\"e-con-inner\">\n\t\t\t\t\t<\/div>\n\t\t\t\t<\/div>\n\t\t\t\t<\/div>\n\t\t","protected":false},"excerpt":{"rendered":"<p>PROYECTOS PROYECTOS PROYECTOS PROYECTOS Soluciones Reales, Resultados Tangibles En Siadous, cada proyecto es una oportunidad para demostrar nuestro compromiso con la calidad y el servicio. M\u00e1s all\u00e1 de la instalaci\u00f3n o modernizaci\u00f3n de un sistema de elevaci\u00f3n, nos enfocamos en entender las necesidades de cada cliente para ofrecer soluciones a la medida.Nuestra atenci\u00f3n personalizada y el seguimiento constante garantizan que cada obra se entregue con&#8230; <\/p>\n<p class=\"more\"><a class=\"more-link\" href=\"https:\/\/www.siadous.mx\/?page_id=11964\">Read More<\/a><\/p>\n","protected":false},"author":1,"featured_media":0,"parent":0,"menu_order":0,"comment_status":"closed","ping_status":"closed","template":"elementor_header_footer","meta":{"inline_featured_image":false,"footnotes":""},"class_list":["post-11964","page","type-page","status-publish","hentry","is-cat-link-solid is-cat-link-rounded"],"_links":{"self":[{"href":"https:\/\/www.siadous.mx\/index.php?rest_route=\/wp\/v2\/pages\/11964","targetHints":{"allow":["GET"]}}],"collection":[{"href":"https:\/\/www.siadous.mx\/index.php?rest_route=\/wp\/v2\/pages"}],"about":[{"href":"https:\/\/www.siadous.mx\/index.php?rest_route=\/wp\/v2\/types\/page"}],"author":[{"embeddable":true,"href":"https:\/\/www.siadous.mx\/index.php?rest_route=\/wp\/v2\/users\/1"}],"replies":[{"embeddable":true,"href":"https:\/\/www.siadous.mx\/index.php?rest_route=%2Fwp%2Fv2%2Fcomments&post=11964"}],"version-history":[{"count":23,"href":"https:\/\/www.siadous.mx\/index.php?rest_route=\/wp\/v2\/pages\/11964\/revisions"}],"predecessor-version":[{"id":12673,"href":"https:\/\/www.siadous.mx\/index.php?rest_route=\/wp\/v2\/pages\/11964\/revisions\/12673"}],"wp:attachment":[{"href":"https:\/\/www.siadous.mx\/index.php?rest_route=%2Fwp%2Fv2%2Fmedia&parent=11964"}],"curies":[{"name":"wp","href":"https:\/\/api.w.org\/{rel}","templated":true}]}}